{"id":651,"date":"2018-10-27T16:35:16","date_gmt":"2018-10-27T16:35:16","guid":{"rendered":"http:\/\/teenpower.ipleiria.pt\/?page_id=651"},"modified":"2018-10-27T16:35:16","modified_gmt":"2018-10-27T16:35:16","slug":"arrancaram-as-sessoes-presenciais-em-santarem","status":"publish","type":"page","link":"https:\/\/teenpower.ipleiria.pt\/en\/arrancaram-as-sessoes-presenciais-em-santarem\/","title":{"rendered":"(Portugu\u00eas) Arrancaram as sess\u00f5es presenciais em Santar\u00e9m"},"content":{"rendered":"<p class=\"qtranxs-available-languages-message qtranxs-available-languages-message-en\">Sorry, this entry is only available in <a href=\"https:\/\/teenpower.ipleiria.pt\/pt\/wp-json\/wp\/v2\/pages\/651\" class=\"qtranxs-available-language-link qtranxs-available-language-link-pt\" title=\"Portugu\u00eas\">Portugu\u00eas<\/a>.<\/p>","protected":false},"excerpt":{"rendered":"<p>Sorry, this entry is only available in Portugu\u00eas.<\/p>\n","protected":false},"author":3696,"featured_media":0,"parent":0,"menu_order":0,"comment_status":"closed","ping_status":"closed","template":"","meta":{"footnotes":""},"class_list":["post-651","page","type-page","status-publish","hentry"],"_links":{"self":[{"href":"https:\/\/teenpower.ipleiria.pt\/en\/wp-json\/wp\/v2\/pages\/651","targetHints":{"allow":["GET"]}}],"collection":[{"href":"https:\/\/teenpower.ipleiria.pt\/en\/wp-json\/wp\/v2\/pages"}],"about":[{"href":"https:\/\/teenpower.ipleiria.pt\/en\/wp-json\/wp\/v2\/types\/page"}],"author":[{"embeddable":true,"href":"https:\/\/teenpower.ipleiria.pt\/en\/wp-json\/wp\/v2\/users\/3696"}],"replies":[{"embeddable":true,"href":"https:\/\/teenpower.ipleiria.pt\/en\/wp-json\/wp\/v2\/comments?post=651"}],"version-history":[{"count":1,"href":"https:\/\/teenpower.ipleiria.pt\/en\/wp-json\/wp\/v2\/pages\/651\/revisions"}],"predecessor-version":[{"id":655,"href":"https:\/\/teenpower.ipleiria.pt\/en\/wp-json\/wp\/v2\/pages\/651\/revisions\/655"}],"wp:attachment":[{"href":"https:\/\/teenpower.ipleiria.pt\/en\/wp-json\/wp\/v2\/media?parent=651"}],"curies":[{"name":"wp","href":"https:\/\/api.w.org\/{rel}","templated":true}]}}