{"id":437,"date":"2018-02-16T10:21:31","date_gmt":"2018-02-16T10:21:31","guid":{"rendered":"http:\/\/teenpower.ipleiria.pt\/?page_id=437"},"modified":"2018-02-22T12:07:34","modified_gmt":"2018-02-22T12:07:34","slug":"iv-jornadas-do-potencial-tecnico-e-cientifico-do-ipcb","status":"publish","type":"page","link":"https:\/\/teenpower.ipleiria.pt\/en\/iv-jornadas-do-potencial-tecnico-e-cientifico-do-ipcb\/","title":{"rendered":"(Portugu\u00eas) IV Jornadas do Potencial T\u00e9cnico e Cient\u00edfico do IPCB"},"content":{"rendered":"<p class=\"qtranxs-available-languages-message qtranxs-available-languages-message-en\">Sorry, this entry is only available in <a href=\"https:\/\/teenpower.ipleiria.pt\/pt\/wp-json\/wp\/v2\/pages\/437\" class=\"qtranxs-available-language-link qtranxs-available-language-link-pt\" title=\"Portugu\u00eas\">Portugu\u00eas<\/a>.<\/p>","protected":false},"excerpt":{"rendered":"<p>Sorry, this entry is only available in Portugu\u00eas.<\/p>\n","protected":false},"author":3696,"featured_media":0,"parent":0,"menu_order":0,"comment_status":"closed","ping_status":"closed","template":"","meta":{"footnotes":""},"class_list":["post-437","page","type-page","status-publish","hentry"],"_links":{"self":[{"href":"https:\/\/teenpower.ipleiria.pt\/en\/wp-json\/wp\/v2\/pages\/437","targetHints":{"allow":["GET"]}}],"collection":[{"href":"https:\/\/teenpower.ipleiria.pt\/en\/wp-json\/wp\/v2\/pages"}],"about":[{"href":"https:\/\/teenpower.ipleiria.pt\/en\/wp-json\/wp\/v2\/types\/page"}],"author":[{"embeddable":true,"href":"https:\/\/teenpower.ipleiria.pt\/en\/wp-json\/wp\/v2\/users\/3696"}],"replies":[{"embeddable":true,"href":"https:\/\/teenpower.ipleiria.pt\/en\/wp-json\/wp\/v2\/comments?post=437"}],"version-history":[{"count":4,"href":"https:\/\/teenpower.ipleiria.pt\/en\/wp-json\/wp\/v2\/pages\/437\/revisions"}],"predecessor-version":[{"id":454,"href":"https:\/\/teenpower.ipleiria.pt\/en\/wp-json\/wp\/v2\/pages\/437\/revisions\/454"}],"wp:attachment":[{"href":"https:\/\/teenpower.ipleiria.pt\/en\/wp-json\/wp\/v2\/media?parent=437"}],"curies":[{"name":"wp","href":"https:\/\/api.w.org\/{rel}","templated":true}]}}