{"id":11,"date":"2017-04-11T13:11:39","date_gmt":"2017-04-11T13:11:39","guid":{"rendered":"https:\/\/teenpower2017.wordpress.com\/?page_id=11"},"modified":"2018-02-01T11:54:03","modified_gmt":"2018-02-01T11:54:03","slug":"projeto","status":"publish","type":"page","link":"https:\/\/teenpower.ipleiria.pt\/en\/projeto\/","title":{"rendered":"Projeto"},"content":{"rendered":"<p><\/p>\n<p style=\"text-align: justify\"><img loading=\"lazy\" decoding=\"async\" class=\"aligncenter size-large wp-image-136\" src=\"http:\/\/teenpower.ipleiria.pt\/files\/2017\/04\/esquema-teenpower.png?w=1024\" alt=\"esquema TeenPower\" width=\"1024\" height=\"588\" srcset=\"https:\/\/teenpower.ipleiria.pt\/files\/2017\/04\/esquema-teenpower.png 1166w, https:\/\/teenpower.ipleiria.pt\/files\/2017\/04\/esquema-teenpower-300x172.png 300w, https:\/\/teenpower.ipleiria.pt\/files\/2017\/04\/esquema-teenpower-768x441.png 768w, https:\/\/teenpower.ipleiria.pt\/files\/2017\/04\/esquema-teenpower-1024x588.png 1024w, https:\/\/teenpower.ipleiria.pt\/files\/2017\/04\/esquema-teenpower-772x443.png 772w, https:\/\/teenpower.ipleiria.pt\/files\/2017\/04\/esquema-teenpower-314x180.png 314w\" sizes=\"auto, (max-width: 1024px) 100vw, 1024px\" \/><\/p>\n<p style=\"text-align: justify\">O TeenPower \u00e9 um <strong>projeto transdisciplinar de investiga\u00e7\u00e3o-a\u00e7\u00e3o<\/strong> baseada na pr\u00e1tica que prev\u00ea o desenvolvimento de interven\u00e7\u00f5es inovadoras de promo\u00e7\u00e3o de comportamentos saud\u00e1veis. Parte de uma necessidade territorial identificada e discutida com os atores locais (profissionais de sa\u00fade e comunidade escolar) face \u00e0 inexist\u00eancia de uma estrat\u00e9gia integrada, criativa e din\u00e2mica de preven\u00e7\u00e3o da obesidade e promo\u00e7\u00e3o de comportamentos salutog\u00e9nicos nos adolescentes.<\/p>\n<p style=\"text-align: justify\">O objetivo principal consiste no <strong>desenvolvimento, implementa\u00e7\u00e3o e avalia\u00e7\u00e3o de um programa de promo\u00e7\u00e3o de comportamentos saud\u00e1veis e preven\u00e7\u00e3o de obesidade na adolesc\u00eancia<\/strong>, <strong>baseado na e-terapia e assente na metodologia de gest\u00e3o de caso<\/strong>.<\/p>\n<p style=\"text-align: justify\">O projeto visa o <strong>empowerment cognitivo-comportamental dos adolescentes, atrav\u00e9s do contacto aumentado e interativo entre adolescente e equipa de sa\u00fade multidisciplinar<\/strong>. A inclus\u00e3o das Tecnologias da Informa\u00e7\u00e3o e Comunica\u00e7\u00e3o (TIC) permite otimizar os recursos e maximizar o impacto, em complementaridade com as abordagens convencionais.<\/p>\n<p style=\"text-align: justify\">Os <strong>polit\u00e9cnicos de Leiria, Santar\u00e9m e Castelo Branco<\/strong> <strong>s\u00e3o co-promotores<\/strong> deste projecto, bem como o <strong>Munic\u00edpio de Leiria (C\u00e2mara Municipal)<\/strong>, parceiros chave no desenvolvimento e implementa\u00e7\u00e3o do programa de interven\u00e7\u00e3o. Espera-se a parceria com outros munic\u00edpios e institui\u00e7\u00f5es de sa\u00fade, nomeadamente com a ARS-Centro.<\/p>\n<p style=\"text-align: justify\">O projeto Inclui a realiza\u00e7\u00e3o de <strong>3 estudos complementares<\/strong>: (E1) an\u00e1lise dos determinantes da sa\u00fade dos adolescentes, (E2) avalia\u00e7\u00e3o da usabilidade do programa de interven\u00e7\u00e3o TeenPower, (E3) implementa\u00e7\u00e3o e avalia\u00e7\u00e3o da ades\u00e3o ao programa TeenPower.<\/p>\n<ol>\n<li><strong>Data de in\u00edcio <\/strong>\u2013 Setembro de 2017<\/li>\n<li><strong>Dura\u00e7\u00e3o\u00a0\u2013 <\/strong>18 meses<\/li>\n<li><strong>Investimento<\/strong>\u00a0&#8211; 149.701,30\u20ac<\/li>\n<\/ol>\n<p><img loading=\"lazy\" decoding=\"async\" class=\"alignnone size-full wp-image-140\" src=\"http:\/\/teenpower.ipleiria.pt\/files\/2017\/04\/desenho-do-estudo1.png\" alt=\"desenho do estudo.png\" width=\"1511\" height=\"1144\" srcset=\"https:\/\/teenpower.ipleiria.pt\/files\/2017\/04\/desenho-do-estudo1.png 1511w, https:\/\/teenpower.ipleiria.pt\/files\/2017\/04\/desenho-do-estudo1-300x227.png 300w, https:\/\/teenpower.ipleiria.pt\/files\/2017\/04\/desenho-do-estudo1-768x581.png 768w, https:\/\/teenpower.ipleiria.pt\/files\/2017\/04\/desenho-do-estudo1-1024x775.png 1024w, https:\/\/teenpower.ipleiria.pt\/files\/2017\/04\/desenho-do-estudo1-772x584.png 772w, https:\/\/teenpower.ipleiria.pt\/files\/2017\/04\/desenho-do-estudo1-1230x931.png 1230w, https:\/\/teenpower.ipleiria.pt\/files\/2017\/04\/desenho-do-estudo1-254x192.png 254w\" sizes=\"auto, (max-width: 1511px) 100vw, 1511px\" \/><\/p>\n<p>&nbsp;<\/p>","protected":false},"excerpt":{"rendered":"<p>Empowering the future&#8230;<\/p>\n","protected":false},"author":321,"featured_media":0,"parent":0,"menu_order":0,"comment_status":"closed","ping_status":"closed","template":"","meta":{"footnotes":""},"class_list":["post-11","page","type-page","status-publish","hentry"],"_links":{"self":[{"href":"https:\/\/teenpower.ipleiria.pt\/en\/wp-json\/wp\/v2\/pages\/11","targetHints":{"allow":["GET"]}}],"collection":[{"href":"https:\/\/teenpower.ipleiria.pt\/en\/wp-json\/wp\/v2\/pages"}],"about":[{"href":"https:\/\/teenpower.ipleiria.pt\/en\/wp-json\/wp\/v2\/types\/page"}],"author":[{"embeddable":true,"href":"https:\/\/teenpower.ipleiria.pt\/en\/wp-json\/wp\/v2\/users\/321"}],"replies":[{"embeddable":true,"href":"https:\/\/teenpower.ipleiria.pt\/en\/wp-json\/wp\/v2\/comments?post=11"}],"version-history":[{"count":8,"href":"https:\/\/teenpower.ipleiria.pt\/en\/wp-json\/wp\/v2\/pages\/11\/revisions"}],"predecessor-version":[{"id":319,"href":"https:\/\/teenpower.ipleiria.pt\/en\/wp-json\/wp\/v2\/pages\/11\/revisions\/319"}],"wp:attachment":[{"href":"https:\/\/teenpower.ipleiria.pt\/en\/wp-json\/wp\/v2\/media?parent=11"}],"curies":[{"name":"wp","href":"https:\/\/api.w.org\/{rel}","templated":true}]}}